{"id":225,"date":"2025-07-20T10:07:21","date_gmt":"2025-07-20T10:07:21","guid":{"rendered":"http:\/\/danutaniemczyk.pl\/?page_id=225"},"modified":"2025-07-20T10:07:21","modified_gmt":"2025-07-20T10:07:21","slug":"osmego-dnia","status":"publish","type":"page","link":"http:\/\/danutaniemczyk.pl\/?page_id=225","title":{"rendered":"\u00d3smego dnia"},"content":{"rendered":"<div class=\"wp-block-image\">\n<figure class=\"alignleft size-medium\"><a href=\"http:\/\/danutaniemczyk.pl\/wp-content\/uploads\/2025\/07\/Danuta-Niemczyk_Osmego-dnia_okladka-1087x1536-1.jpg\"><img loading=\"lazy\" decoding=\"async\" width=\"212\" height=\"300\" src=\"http:\/\/danutaniemczyk.pl\/wp-content\/uploads\/2025\/07\/Danuta-Niemczyk_Osmego-dnia_okladka-1087x1536-1-212x300.jpg\" alt=\"\" class=\"wp-image-227\" srcset=\"http:\/\/danutaniemczyk.pl\/wp-content\/uploads\/2025\/07\/Danuta-Niemczyk_Osmego-dnia_okladka-1087x1536-1-212x300.jpg 212w, http:\/\/danutaniemczyk.pl\/wp-content\/uploads\/2025\/07\/Danuta-Niemczyk_Osmego-dnia_okladka-1087x1536-1-725x1024.jpg 725w, http:\/\/danutaniemczyk.pl\/wp-content\/uploads\/2025\/07\/Danuta-Niemczyk_Osmego-dnia_okladka-1087x1536-1-768x1085.jpg 768w, http:\/\/danutaniemczyk.pl\/wp-content\/uploads\/2025\/07\/Danuta-Niemczyk_Osmego-dnia_okladka-1087x1536-1.jpg 1087w\" sizes=\"auto, (max-width: 212px) 100vw, 212px\" \/><\/a><\/figure>\n<\/div>\n\n\n<p><em>2025<br \/>ISBN: 978-83-7866-622-6<br \/>Liczba stron: 80<br \/>Wymiary: 145 x 205 mm<br \/><\/em>Wydawnictwo Austeria<\/p>\n\n\n\n<p>Wiersze Danuty Niemczyk to poezja ze szczypt\u0105 romantyzmu. Celowo u\u017cy\u0142am s\u0142owa \u201cszczypta\u201d. Bo szczypta jest dla smaku, a te wiersze trzeba smakowa\u0107. Autorka buduje nami\u0119tne opowie\u015bci o mi\u0142o\u015bci z niedopowiedze\u0144, a czasem przekory, i odwo\u0142uje si\u0119 do wyobra\u017ani czytelnika. Tak\u017ce wyobra\u017ani erotycznej. Wa\u017cne s\u0105 tu i usta, i palce, i sk\u00f3ra, i oczy, ale te\u017c sny, bo w nich bywa cz\u0119sto wi\u0119cej mi\u0142o\u015bci ni\u017c w \u017cyciu. I \u0142atwiej j\u0105 wtedy wyrazi\u0107. I \u0142atwiej o niej opowiedzie\u0107, m\u00f3wi\u0105c, \u017ce to si\u0119 tylko \u015bni\u0142o.<\/p>\n","protected":false},"excerpt":{"rendered":"<p>2025ISBN: 978-83-7866-622-6Liczba stron: 80Wymiary: 145 x 205 mmWydawnictwo Austeria Wiersze Danuty Niemczyk to poezja ze szczypt\u0105 romantyzmu. Celowo u\u017cy\u0142am s\u0142owa \u201cszczypta\u201d. Bo szczypta jest dla smaku, a te wiersze trzeba smakowa\u0107. Autorka buduje nami\u0119tne opowie\u015bci o mi\u0142o\u015bci z niedopowiedze\u0144, a czasem przekory, i odwo\u0142uje si\u0119 do wyobra\u017ani czytelnika. Tak\u017ce wyobra\u017ani erotycznej. Wa\u017cne s\u0105 tu i [&hellip;]<\/p>\n","protected":false},"author":1,"featured_media":0,"parent":0,"menu_order":0,"comment_status":"closed","ping_status":"closed","template":"","meta":{"footnotes":""},"class_list":["post-225","page","type-page","status-publish","hentry"],"_links":{"self":[{"href":"http:\/\/danutaniemczyk.pl\/index.php?rest_route=\/wp\/v2\/pages\/225","targetHints":{"allow":["GET"]}}],"collection":[{"href":"http:\/\/danutaniemczyk.pl\/index.php?rest_route=\/wp\/v2\/pages"}],"about":[{"href":"http:\/\/danutaniemczyk.pl\/index.php?rest_route=\/wp\/v2\/types\/page"}],"author":[{"embeddable":true,"href":"http:\/\/danutaniemczyk.pl\/index.php?rest_route=\/wp\/v2\/users\/1"}],"replies":[{"embeddable":true,"href":"http:\/\/danutaniemczyk.pl\/index.php?rest_route=%2Fwp%2Fv2%2Fcomments&post=225"}],"version-history":[{"count":1,"href":"http:\/\/danutaniemczyk.pl\/index.php?rest_route=\/wp\/v2\/pages\/225\/revisions"}],"predecessor-version":[{"id":229,"href":"http:\/\/danutaniemczyk.pl\/index.php?rest_route=\/wp\/v2\/pages\/225\/revisions\/229"}],"wp:attachment":[{"href":"http:\/\/danutaniemczyk.pl\/index.php?rest_route=%2Fwp%2Fv2%2Fmedia&parent=225"}],"curies":[{"name":"wp","href":"https:\/\/api.w.org\/{rel}","templated":true}]}}