{"id":155,"date":"2015-07-31T18:33:44","date_gmt":"2015-07-31T18:33:44","guid":{"rendered":"http:\/\/danutaniemczyk.pl\/?page_id=155"},"modified":"2021-02-11T17:00:24","modified_gmt":"2021-02-11T17:00:24","slug":"wiersz-4","status":"publish","type":"page","link":"http:\/\/danutaniemczyk.pl\/?page_id=155","title":{"rendered":"Czy bardziej jestem&#8230;"},"content":{"rendered":"<p>*\u00a0\u00a0 *\u00a0\u00a0 *<\/p>\n<p>Czy bardziej jestem<br \/>\nKiedy pytam o siebie<\/p>\n<p>Rozgryzam li\u015bcie na przek\u00f3r<br \/>\nZ lewej strony<br \/>\nZielona krew zimna<br \/>\nCierpko smakuje las<br \/>\nZapach grzyb\u00f3w<br \/>\nZbutwia\u0142y<br \/>\nS\u0142ysz\u0119 p\u0119kaj\u0105 li\u015bcie<\/p>\n<p>Pytam<\/p>\n<p>Drzewa milcz\u0105<\/p>\n","protected":false},"excerpt":{"rendered":"<p>*\u00a0\u00a0 *\u00a0\u00a0 * Czy bardziej jestem Kiedy pytam o siebie Rozgryzam li\u015bcie na przek\u00f3r Z lewej strony Zielona krew zimna Cierpko smakuje las Zapach grzyb\u00f3w Zbutwia\u0142y S\u0142ysz\u0119 p\u0119kaj\u0105 li\u015bcie Pytam Drzewa milcz\u0105<\/p>\n","protected":false},"author":1,"featured_media":0,"parent":58,"menu_order":4,"comment_status":"closed","ping_status":"open","template":"","meta":{"footnotes":""},"class_list":["post-155","page","type-page","status-publish","hentry"],"_links":{"self":[{"href":"http:\/\/danutaniemczyk.pl\/index.php?rest_route=\/wp\/v2\/pages\/155","targetHints":{"allow":["GET"]}}],"collection":[{"href":"http:\/\/danutaniemczyk.pl\/index.php?rest_route=\/wp\/v2\/pages"}],"about":[{"href":"http:\/\/danutaniemczyk.pl\/index.php?rest_route=\/wp\/v2\/types\/page"}],"author":[{"embeddable":true,"href":"http:\/\/danutaniemczyk.pl\/index.php?rest_route=\/wp\/v2\/users\/1"}],"replies":[{"embeddable":true,"href":"http:\/\/danutaniemczyk.pl\/index.php?rest_route=%2Fwp%2Fv2%2Fcomments&post=155"}],"version-history":[{"count":5,"href":"http:\/\/danutaniemczyk.pl\/index.php?rest_route=\/wp\/v2\/pages\/155\/revisions"}],"predecessor-version":[{"id":216,"href":"http:\/\/danutaniemczyk.pl\/index.php?rest_route=\/wp\/v2\/pages\/155\/revisions\/216"}],"up":[{"embeddable":true,"href":"http:\/\/danutaniemczyk.pl\/index.php?rest_route=\/wp\/v2\/pages\/58"}],"wp:attachment":[{"href":"http:\/\/danutaniemczyk.pl\/index.php?rest_route=%2Fwp%2Fv2%2Fmedia&parent=155"}],"curies":[{"name":"wp","href":"https:\/\/api.w.org\/{rel}","templated":true}]}}