{"id":150,"date":"2015-07-31T18:30:37","date_gmt":"2015-07-31T18:30:37","guid":{"rendered":"http:\/\/danutaniemczyk.pl\/?page_id=150"},"modified":"2021-02-11T16:59:20","modified_gmt":"2021-02-11T16:59:20","slug":"wiersz-3","status":"publish","type":"page","link":"http:\/\/danutaniemczyk.pl\/?page_id=150","title":{"rendered":"Jak&#8230;"},"content":{"rendered":"<p>*&nbsp;&nbsp; *&nbsp;&nbsp; *<\/p>\n<p>Jak ona \u0142adnie zalicza wspomnienia<br \/>\nDo blaszanego pude\u0142ka<\/p>\n<p>Jak ona pi\u0119knie g\u0142aszcze swoje czarne oczy<br \/>\nG\u0142ow\u0119 uk\u0142ada w smugach w\u0142os\u00f3w<br \/>\nMi\u0119dzy porann\u0105 szczoteczk\u0105 a wieczorn\u0105 modlitw\u0105<\/p>\n<p>Dziadek bawi\u0142 si\u0119 z ni\u0105 w ko\u015bci\u00f3\u0142<br \/>\nPrzed obrazem Matki Boskiej nad \u0142\u00f3\u017ckiem<br \/>\nWk\u0142ada\u0142a jego kapelusz<br \/>\nZanim umar\u0142<\/p>\n<p>P\u0142aka\u0142a a\u017c jej w\u0142osy pi\u0119kne<br \/>\nUros\u0142y<br \/>\nD\u0142ugie<\/p>\n<p>Pachn\u0105 czekoladkami z pude\u0142ka<\/p>\n","protected":false},"excerpt":{"rendered":"<p>*&nbsp;&nbsp; *&nbsp;&nbsp; * Jak ona \u0142adnie zalicza wspomnienia Do blaszanego pude\u0142ka Jak ona pi\u0119knie g\u0142aszcze swoje czarne oczy G\u0142ow\u0119 uk\u0142ada w smugach w\u0142os\u00f3w Mi\u0119dzy porann\u0105 szczoteczk\u0105 a wieczorn\u0105 modlitw\u0105 Dziadek bawi\u0142 si\u0119 z ni\u0105 w ko\u015bci\u00f3\u0142 Przed obrazem Matki Boskiej nad \u0142\u00f3\u017ckiem Wk\u0142ada\u0142a jego kapelusz Zanim umar\u0142 P\u0142aka\u0142a a\u017c jej w\u0142osy pi\u0119kne Uros\u0142y D\u0142ugie Pachn\u0105 [&hellip;]<\/p>\n","protected":false},"author":1,"featured_media":0,"parent":58,"menu_order":3,"comment_status":"closed","ping_status":"open","template":"","meta":{"footnotes":""},"class_list":["post-150","page","type-page","status-publish","hentry"],"_links":{"self":[{"href":"http:\/\/danutaniemczyk.pl\/index.php?rest_route=\/wp\/v2\/pages\/150","targetHints":{"allow":["GET"]}}],"collection":[{"href":"http:\/\/danutaniemczyk.pl\/index.php?rest_route=\/wp\/v2\/pages"}],"about":[{"href":"http:\/\/danutaniemczyk.pl\/index.php?rest_route=\/wp\/v2\/types\/page"}],"author":[{"embeddable":true,"href":"http:\/\/danutaniemczyk.pl\/index.php?rest_route=\/wp\/v2\/users\/1"}],"replies":[{"embeddable":true,"href":"http:\/\/danutaniemczyk.pl\/index.php?rest_route=%2Fwp%2Fv2%2Fcomments&post=150"}],"version-history":[{"count":3,"href":"http:\/\/danutaniemczyk.pl\/index.php?rest_route=\/wp\/v2\/pages\/150\/revisions"}],"predecessor-version":[{"id":214,"href":"http:\/\/danutaniemczyk.pl\/index.php?rest_route=\/wp\/v2\/pages\/150\/revisions\/214"}],"up":[{"embeddable":true,"href":"http:\/\/danutaniemczyk.pl\/index.php?rest_route=\/wp\/v2\/pages\/58"}],"wp:attachment":[{"href":"http:\/\/danutaniemczyk.pl\/index.php?rest_route=%2Fwp%2Fv2%2Fmedia&parent=150"}],"curies":[{"name":"wp","href":"https:\/\/api.w.org\/{rel}","templated":true}]}}